{"id":49,"date":"2019-06-09T09:21:02","date_gmt":"2019-06-09T09:21:02","guid":{"rendered":"http:\/\/zweirad-schmidt.net\/?page_id=49"},"modified":"2020-03-24T20:32:13","modified_gmt":"2020-03-24T20:32:13","slug":"impressum","status":"publish","type":"page","link":"http:\/\/zweirad-schmidt.net\/?page_id=49","title":{"rendered":"Impressum"},"content":{"rendered":"\n<p>Zweirad Schmidt<\/p>\n\n\n\n<p>Inhaber Claus Schmidt<\/p>\n\n\n\n<p>Neuh\u00f6ferstr. 9<br> 75056 Sulzfeld<\/p>\n\n\n\n<p>Tel: 07269 \/ 6155<br> Fax: 07269 \/ 1231<\/p>\n\n\n\n<p>Email: info@zweirad-schmidt.de<\/p>\n\n\n\n<p>Gesellschafter: Claus Schmidt<br>Umsatzsteuer-Identifikationsnummer gem. \u00a7 27a UStG: DE327274013<\/p>\n\n\n\n<p>Verantwortlich f\u00fcr den Inhalt:<br> Zweirad Schmidt<br> Inhaber Claus Schmidt<\/p>\n\n\n\n<p>Mitglied:  Handwerkskammer Karlsruhe <br> Zust\u00e4ndige Kammer: Handwerkskammer Karlsruhe<\/p>\n\n\n\n<p><\/p>\n\n\n\n<p>Haftung f\u00fcr Inhalte<\/p>\n\n\n\n<p>Als Webseitenbetreiber sind wir gem\u00e4\u00df \u00a7 7 Abs.1 TMG f\u00fcr eigene Inhalte auf diesen Seiten verantwortlich.&nbsp;Der Betreiber dieser Webseite \u00fcbernimmt dennoch keine Gew\u00e4hr f\u00fcr die Richtigkeit, Vollst\u00e4ndigkeit und Aktualit\u00e4t der bereitgestellten Inhalte und Informationen. Nach \u00a7\u00a7 8 bis 10 TMG sind wir als Webseitenbetreiber jedoch nicht verpflichtet, \u00fcbermittelte oder fremde Informationen zu kontrollieren. Die Nutzung der Webseiteninhalte erfolgt auf eigene Gefahr. Allein durch die Nutzung der Webseite kommt keinerlei Vertragsverh\u00e4ltnis zwischen dem Nutzer und dem Betreiber zustande.<\/p>\n\n\n\n<p>Haftung f\u00fcr Links<\/p>\n\n\n\n<p>Unsere Webseite enth\u00e4lt Links zu externen Webseiten Dritter, auf deren Inhalte wir keinen Einfluss haben. Wir k\u00f6nnen keine Gew\u00e4hrleistung f\u00fcr die Inhalte der verlinkten externen Webseiten \u00fcbernehmen. Die jeweilingen Betreiber verantworten ihre Seiten selbst. Zum Zeitpunkt der Verlinkung wurden keine rechtwidrige Inhalte festgestellt. Eine dauerhafte \u00dcberpr\u00fcfung der Inhalte Dritter ist ohne Verdachtsmoment nicht zumutbar.<\/p>\n\n\n\n<p>Urheberrecht<\/p>\n\n\n\n<p>Die durch die Webseitenbetreiber ver\u00f6ffentlichten Inhalte auf der Webseite&nbsp;&nbsp; unterliegen dem deutschen Urheberrecht. Die Vervielf\u00e4ltigung, Bearbeitung, Verbreitung und jede Art der Verwertung au\u00dferhalb der Grenzen des Urheberrechtes bed\u00fcrfen der schriftlichen Zustimmung des jeweiligen Autors. Angebotene Downloads und Kopien dieser Seite sind nur f\u00fcr den privaten und nicht kommerziellen Gebrauch gestattet. Bei den Inhalten auf der Webseite von Dritten,  gelten die Urheberrechte Dritter, diese sind gesondert gekennzeichnet.<\/p>\n\n\n\n<p> Sonstiges<\/p>\n\n\n\n<p>Online-Streitbeilegung gem\u00e4\u00df Art. 14 Abs. 1 ODR-VO: Die Europ\u00e4ische Kommission stellt eine Plattform zur Online-Streitbeilegung (OS) bereit, die Sie unter http:\/\/ec.europa.eu\/consumers\/odr\/ finden.<\/p>\n","protected":false},"excerpt":{"rendered":"<div class=\"mh-excerpt\"><p>Zweirad Schmidt Inhaber Claus Schmidt Neuh\u00f6ferstr. 9 75056 Sulzfeld Tel: 07269 \/ 6155 Fax: 07269 \/ 1231 Email: info@zweirad-schmidt.de Gesellschafter: Claus SchmidtUmsatzsteuer-Identifikationsnummer gem. \u00a7 27a UStG: DE327274013 Verantwortlich f\u00fcr den Inhalt: Zweirad Schmidt Inhaber Claus <a class=\"mh-excerpt-more\" href=\"http:\/\/zweirad-schmidt.net\/?page_id=49\" title=\"Impressum\">[&#8230;]<\/a><\/p>\n<\/div>","protected":false},"author":1,"featured_media":0,"parent":0,"menu_order":0,"comment_status":"closed","ping_status":"closed","template":"","meta":{"footnotes":""},"class_list":["post-49","page","type-page","status-publish"],"_links":{"self":[{"href":"http:\/\/zweirad-schmidt.net\/index.php?rest_route=\/wp\/v2\/pages\/49","targetHints":{"allow":["GET"]}}],"collection":[{"href":"http:\/\/zweirad-schmidt.net\/index.php?rest_route=\/wp\/v2\/pages"}],"about":[{"href":"http:\/\/zweirad-schmidt.net\/index.php?rest_route=\/wp\/v2\/types\/page"}],"author":[{"embeddable":true,"href":"http:\/\/zweirad-schmidt.net\/index.php?rest_route=\/wp\/v2\/users\/1"}],"replies":[{"embeddable":true,"href":"http:\/\/zweirad-schmidt.net\/index.php?rest_route=%2Fwp%2Fv2%2Fcomments&post=49"}],"version-history":[{"count":5,"href":"http:\/\/zweirad-schmidt.net\/index.php?rest_route=\/wp\/v2\/pages\/49\/revisions"}],"predecessor-version":[{"id":1939,"href":"http:\/\/zweirad-schmidt.net\/index.php?rest_route=\/wp\/v2\/pages\/49\/revisions\/1939"}],"wp:attachment":[{"href":"http:\/\/zweirad-schmidt.net\/index.php?rest_route=%2Fwp%2Fv2%2Fmedia&parent=49"}],"curies":[{"name":"wp","href":"https:\/\/api.w.org\/{rel}","templated":true}]}}