{"id":5212,"date":"2022-01-26T13:11:27","date_gmt":"2022-01-26T13:11:27","guid":{"rendered":"http:\/\/zweirad-schmidt.net\/?page_id=5212"},"modified":"2025-04-11T13:12:58","modified_gmt":"2025-04-11T13:12:58","slug":"stellen","status":"publish","type":"page","link":"http:\/\/zweirad-schmidt.net\/?page_id=5212","title":{"rendered":"Stellen"},"content":{"rendered":"\t\t<div data-elementor-type=\"wp-page\" data-elementor-id=\"5212\" class=\"elementor elementor-5212\" data-elementor-post-type=\"page\">\n\t\t\t\t\t\t<section class=\"elementor-section elementor-top-section elementor-element elementor-element-41fe0222 elementor-section-height-min-height elementor-section-stretched elementor-section-full_width elementor-section-height-default elementor-section-items-middle\" data-id=\"41fe0222\" data-element_type=\"section\" data-e-type=\"section\" data-settings=\"{&quot;background_background&quot;:&quot;classic&quot;,&quot;stretch_section&quot;:&quot;section-stretched&quot;}\">\n\t\t\t\t\t\t\t<div class=\"elementor-background-overlay\"><\/div>\n\t\t\t\t\t\t\t<div class=\"elementor-container elementor-column-gap-default\">\n\t\t\t\t\t<div class=\"elementor-column elementor-col-100 elementor-top-column elementor-element elementor-element-3cc6250\" data-id=\"3cc6250\" data-element_type=\"column\" data-e-type=\"column\">\n\t\t\t<div class=\"elementor-widget-wrap\">\n\t\t\t\t\t\t\t<\/div>\n\t\t<\/div>\n\t\t\t\t\t<\/div>\n\t\t<\/section>\n\t\t\t\t<section class=\"elementor-section elementor-top-section elementor-element elementor-element-9385a84 elementor-section-height-min-height elementor-section-stretched elementor-section-boxed elementor-section-height-default elementor-section-items-middle\" data-id=\"9385a84\" data-element_type=\"section\" data-e-type=\"section\" data-settings=\"{&quot;background_background&quot;:&quot;classic&quot;,&quot;stretch_section&quot;:&quot;section-stretched&quot;}\">\n\t\t\t\t\t\t<div class=\"elementor-container elementor-column-gap-no\">\n\t\t\t\t\t<div class=\"elementor-column elementor-col-33 elementor-top-column elementor-element elementor-element-ea0bb61\" data-id=\"ea0bb61\" data-element_type=\"column\" data-e-type=\"column\">\n\t\t\t<div class=\"elementor-widget-wrap elementor-element-populated\">\n\t\t\t\t\t\t<div class=\"elementor-element elementor-element-7260a98 elementor-widget elementor-widget-heading\" data-id=\"7260a98\" data-element_type=\"widget\" data-e-type=\"widget\" data-widget_type=\"heading.default\">\n\t\t\t\t<div class=\"elementor-widget-container\">\n\t\t\t\t\t<h4 class=\"elementor-heading-title elementor-size-default\"><i class=\"fa fa-wrench\" aria-hidden=\"true\"><\/i> &nbsp; Wir suchen dich<\/h4>\t\t\t\t<\/div>\n\t\t\t\t<\/div>\n\t\t\t\t\t<\/div>\n\t\t<\/div>\n\t\t\t\t<div class=\"elementor-column elementor-col-66 elementor-top-column elementor-element elementor-element-a1e6d9b\" data-id=\"a1e6d9b\" data-element_type=\"column\" data-e-type=\"column\">\n\t\t\t<div class=\"elementor-widget-wrap elementor-element-populated\">\n\t\t\t\t\t\t<div class=\"elementor-element elementor-element-6ab5ec1 elementor-widget elementor-widget-heading\" data-id=\"6ab5ec1\" data-element_type=\"widget\" data-e-type=\"widget\" data-widget_type=\"heading.default\">\n\t\t\t\t<div class=\"elementor-widget-container\">\n\t\t\t\t\t<p class=\"elementor-heading-title elementor-size-default\">Lust auf Zweir\u00e4der und den technischen Backround? --&gt; Dann bist Du hier richtig!!!<br><br>Zur Verst\u00e4rkung des Teams suchen wir f\u00fcr unsere Werkstatt in Sulzfeld \neinen Auszubildenden als Zweiradmechatroniker \/ Fahrradmonteur (m\/w\/d) <br><br>Freu dich auf 3,5 Jahre Ausbildung in einer top ausgestatteten Werkstatt mit tollen Kolleg:innen und spannenden Produkten.<br><br><br>\nDEINE AUFGABEN UND AUSBILDUNGSINHALTE: <br>\nWartung, Reparatur und Instandsetzung von Fahrr\u00e4der \/ bzw. Zweir\u00e4dern.<br>Du erh\u00e4lst und lernst das technische Verst\u00e4ndnis, welches hinter den Zweir\u00e4dern steckt und profitierst von unserem \u00fcber 30- J\u00e4hrigem Know How.<br><br><br>\nDEIN PROFIL:  <br>- Du hast einen erfolgreichen Schulabschluss.<br>\n - Du interessierst Dich f\u00fcr Fahrr\u00e4der und alle Produkte rund ums Bike.<br>\n  - Teamf\u00e4higkeit und sorgf\u00e4ltiges Arbeiten sind Dir wichtig. <br><br>\nVORTEILE:\n\n    - Ein gutes Ausbildungsgehalt.\n   <br>    - Ein moderner Arbeitsplatz.<br>\n    - Selbstst\u00e4ndiges und freies Arbeiten.\n <br>   - Flache Hierachien.<br><br>\n\nBEWERBE DICH JETZT! Wir freuen uns auf DICH!<br>\nKontakt: \nClaus Schmidt <br>\nclaus@zweirad-schmidt.de<\/p>\t\t\t\t<\/div>\n\t\t\t\t<\/div>\n\t\t\t\t\t<\/div>\n\t\t<\/div>\n\t\t\t\t\t<\/div>\n\t\t<\/section>\n\t\t\t\t<section class=\"elementor-section elementor-top-section elementor-element elementor-element-4025cce elementor-section-content-middle elementor-section-height-min-height elementor-section-stretched elementor-section-full_width elementor-section-height-default elementor-section-items-middle\" data-id=\"4025cce\" data-element_type=\"section\" data-e-type=\"section\" data-settings=\"{&quot;background_background&quot;:&quot;classic&quot;,&quot;stretch_section&quot;:&quot;section-stretched&quot;}\">\n\t\t\t\t\t\t\t<div class=\"elementor-background-overlay\"><\/div>\n\t\t\t\t\t\t\t<div class=\"elementor-container elementor-column-gap-no\">\n\t\t\t\t\t<div class=\"elementor-column elementor-col-100 elementor-top-column elementor-element elementor-element-463b593\" data-id=\"463b593\" data-element_type=\"column\" data-e-type=\"column\">\n\t\t\t<div class=\"elementor-widget-wrap\">\n\t\t\t\t\t\t\t<\/div>\n\t\t<\/div>\n\t\t\t\t\t<\/div>\n\t\t<\/section>\n\t\t\t\t<\/div>\n\t\t","protected":false},"excerpt":{"rendered":"<div class=\"mh-excerpt\"><p>&nbsp; Wir suchen dich Lust auf Zweir\u00e4der und den technischen Backround? &#8211;&gt; Dann bist Du hier richtig!!! Zur Verst\u00e4rkung des Teams suchen wir f\u00fcr unsere Werkstatt in Sulzfeld einen Auszubildenden als Zweiradmechatroniker \/ Fahrradmonteur (m\/w\/d) <a class=\"mh-excerpt-more\" href=\"http:\/\/zweirad-schmidt.net\/?page_id=5212\" title=\"Stellen\">[&#8230;]<\/a><\/p>\n<\/div>","protected":false},"author":1,"featured_media":0,"parent":0,"menu_order":0,"comment_status":"closed","ping_status":"closed","template":"elementor_header_footer","meta":{"footnotes":""},"class_list":["post-5212","page","type-page","status-publish"],"_links":{"self":[{"href":"http:\/\/zweirad-schmidt.net\/index.php?rest_route=\/wp\/v2\/pages\/5212","targetHints":{"allow":["GET"]}}],"collection":[{"href":"http:\/\/zweirad-schmidt.net\/index.php?rest_route=\/wp\/v2\/pages"}],"about":[{"href":"http:\/\/zweirad-schmidt.net\/index.php?rest_route=\/wp\/v2\/types\/page"}],"author":[{"embeddable":true,"href":"http:\/\/zweirad-schmidt.net\/index.php?rest_route=\/wp\/v2\/users\/1"}],"replies":[{"embeddable":true,"href":"http:\/\/zweirad-schmidt.net\/index.php?rest_route=%2Fwp%2Fv2%2Fcomments&post=5212"}],"version-history":[{"count":43,"href":"http:\/\/zweirad-schmidt.net\/index.php?rest_route=\/wp\/v2\/pages\/5212\/revisions"}],"predecessor-version":[{"id":7348,"href":"http:\/\/zweirad-schmidt.net\/index.php?rest_route=\/wp\/v2\/pages\/5212\/revisions\/7348"}],"wp:attachment":[{"href":"http:\/\/zweirad-schmidt.net\/index.php?rest_route=%2Fwp%2Fv2%2Fmedia&parent=5212"}],"curies":[{"name":"wp","href":"https:\/\/api.w.org\/{rel}","templated":true}]}}